{"id":5305,"date":"2025-04-21T13:05:15","date_gmt":"2025-04-21T13:05:15","guid":{"rendered":"https:\/\/apartmanbalaton.eu\/?page_id=5305"},"modified":"2025-04-27T20:12:06","modified_gmt":"2025-04-27T20:12:06","slug":"legal-document","status":"publish","type":"page","link":"https:\/\/apartmanbalaton.eu\/de\/legal-document\/","title":{"rendered":"Rechtliche Erkl\u00e4rung"},"content":{"rendered":"<div data-elementor-type=\"wp-page\" data-elementor-id=\"5305\" class=\"elementor elementor-5305\" data-elementor-post-type=\"page\">\n\t\t\t\t<div class=\"elementor-element elementor-element-79e745c5 elementor-hidden-tablet elementor-hidden-mobile e-flex e-con-boxed e-con e-parent\" data-id=\"79e745c5\" data-element_type=\"container\" data-e-type=\"container\" data-settings=\"{&quot;background_background&quot;:&quot;classic&quot;}\">\n\t\t\t\t\t<div class=\"e-con-inner\">\n\t\t\t\t\t<\/div>\n\t\t\t\t<\/div>\n\t\t<div class=\"elementor-element elementor-element-62d70c8b e-flex e-con-boxed e-con e-parent\" data-id=\"62d70c8b\" data-element_type=\"container\" data-e-type=\"container\">\n\t\t\t\t\t<div class=\"e-con-inner\">\n\t\t\t\t<div class=\"elementor-element elementor-element-01234ed elementor-widget elementor-widget-text-editor\" data-id=\"01234ed\" data-element_type=\"widget\" data-e-type=\"widget\" data-widget_type=\"text-editor.default\">\n\t\t\t\t<div class=\"elementor-widget-container\">\n\t\t\t\t\t\t\t\t\t<p class=\"\" data-start=\"348\" data-end=\"415\"><strong data-start=\"348\" data-end=\"376\">Utols\u00f3 friss\u00edt\u00e9s d\u00e1tuma:<\/strong>\u00a02025.04.21<\/p><hr class=\"\" data-start=\"417\" data-end=\"420\" \/><h4 class=\"\" data-start=\"422\" data-end=\"451\">1. \u00c1ltal\u00e1nos inform\u00e1ci\u00f3k<\/h4><p class=\"\" data-start=\"453\" data-end=\"621\">Az <strong data-start=\"456\" data-end=\"478\">apartmanbalaton.eu<\/strong> weboldal \u00fczemeltet\u0151je Nagy-Benk\u0151 M\u00e1ria, amely a weboldalon el\u00e9rhet\u0151 inform\u00e1ci\u00f3k, szolg\u00e1ltat\u00e1sok \u00e9s tartalmak k\u00f6zz\u00e9t\u00e9tel\u00e9\u00e9rt felel\u0151s.<\/p><p class=\"\" data-start=\"623\" data-end=\"758\">A weboldal c\u00e9lja a l\u00e1togat\u00f3k t\u00e1j\u00e9koztat\u00e1sa a sz\u00e1ll\u00e1shely-szolg\u00e1ltat\u00e1sr\u00f3l, el\u00e9rhet\u0151s\u00e9gekr\u0151l, \u00e1rakr\u00f3l \u00e9s egy\u00e9b kapcsol\u00f3d\u00f3 inform\u00e1ci\u00f3kr\u00f3l.<\/p><hr class=\"\" data-start=\"760\" data-end=\"763\" \/><h4 class=\"\" data-start=\"765\" data-end=\"792\">2. Felel\u0151ss\u00e9g kiz\u00e1r\u00e1sa<\/h4><p class=\"\" data-start=\"794\" data-end=\"1018\">A weboldalon tal\u00e1lhat\u00f3 inform\u00e1ci\u00f3k t\u00e1j\u00e9koztat\u00f3 jelleg\u0171ek, \u00e9s b\u00e1r minden t\u0151l\u00fcnk telhet\u0151t megtesz\u00fcnk azok pontoss\u00e1g\u00e1nak biztos\u00edt\u00e1s\u00e1\u00e9rt, semmif\u00e9le garanci\u00e1t nem v\u00e1llalunk a teljess\u00e9g\u00fck\u00e9rt, pontoss\u00e1guk\u00e9rt vagy naprak\u00e9szs\u00e9g\u00fck\u00e9rt.<\/p><p class=\"\" data-start=\"1020\" data-end=\"1237\">Az oldal haszn\u00e1lata kiz\u00e1r\u00f3lag a felhaszn\u00e1l\u00f3 saj\u00e1t felel\u0151ss\u00e9g\u00e9re t\u00f6rt\u00e9nik. Az \u00fczemeltet\u0151 nem v\u00e1llal felel\u0151ss\u00e9get semmilyen k\u00f6zvetlen vagy k\u00f6zvetett k\u00e1r\u00e9rt, amely a weboldal haszn\u00e1lat\u00e1b\u00f3l vagy el\u00e9rhetetlens\u00e9g\u00e9b\u0151l fakad.<\/p><hr class=\"\" data-start=\"1239\" data-end=\"1242\" \/><h4 class=\"\" data-start=\"1244\" data-end=\"1270\">3. K\u00fcls\u0151 hivatkoz\u00e1sok<\/h4><p class=\"\" data-start=\"1272\" data-end=\"1529\">A weboldal m\u00e1s, harmadik f\u00e9l \u00e1ltal \u00fczemeltetett weboldalakra mutat\u00f3 hivatkoz\u00e1sokat is tartalmazhat. Ezekre a weboldalakra az apartmanbalaton.eu \u00fczemeltet\u0151j\u00e9nek nincs befoly\u00e1sa, \u00edgy nem v\u00e1llalunk felel\u0151ss\u00e9get azok tartalm\u00e1\u00e9rt vagy adatkezel\u00e9si gyakorlat\u00e1\u00e9rt.<\/p><hr class=\"\" data-start=\"1531\" data-end=\"1534\" \/><h4 class=\"\" data-start=\"1536\" data-end=\"1555\">4. Szerz\u0151i jog<\/h4><p class=\"\" data-start=\"1557\" data-end=\"1822\">A weboldalon megjelen\u0151 sz\u00f6veges \u00e9s k\u00e9pi tartalmak (bele\u00e9rtve a log\u00f3kat, f\u00e9nyk\u00e9peket, ikonokat stb.) szerz\u0151i jogi v\u00e9delem alatt \u00e1llnak. Azok m\u00e1sol\u00e1sa, terjeszt\u00e9se vagy b\u00e1rmilyen egy\u00e9b m\u00f3don t\u00f6rt\u00e9n\u0151 felhaszn\u00e1l\u00e1sa kiz\u00e1r\u00f3lag az \u00fczemeltet\u0151 \u00edr\u00e1sos enged\u00e9ly\u00e9vel t\u00f6rt\u00e9nhet.<\/p><hr class=\"\" data-start=\"1824\" data-end=\"1827\" \/><h4 class=\"\" data-start=\"1829\" data-end=\"1846\">5. Kapcsolat<\/h4><p class=\"\" data-start=\"1848\" data-end=\"1957\">Ha k\u00e9rd\u00e9sed van a jogi nyilatkozattal kapcsolatban, az al\u00e1bbi el\u00e9rhet\u0151s\u00e9gen veheted fel vel\u00fcnk a kapcsolatot:<\/p><p class=\"\" data-start=\"1959\" data-end=\"2085\"><img decoding=\"async\" class=\"emoji\" role=\"img\" draggable=\"false\" src=\"https:\/\/s.w.org\/images\/core\/emoji\/15.1.0\/svg\/1f4e7.svg\" alt=\"\ud83d\udce7\" \/> <strong data-start=\"1962\" data-end=\"1972\">E-Mail:<\/strong> <a rel=\"noopener\" data-start=\"1973\" data-end=\"1996\">info@apartmanbalaton.eu<\/a><br data-start=\"1996\" data-end=\"1999\" \/><img decoding=\"async\" class=\"emoji\" role=\"img\" draggable=\"false\" src=\"https:\/\/s.w.org\/images\/core\/emoji\/15.1.0\/svg\/1f4de.svg\" alt=\"\ud83d\udcde\" \/> <strong data-start=\"2002\" data-end=\"2014\">Telefon:<\/strong> +36 70 391 93 68<br data-start=\"2030\" data-end=\"2033\" \/><br \/><\/p><hr class=\"\" data-start=\"2087\" data-end=\"2090\" \/><h4 class=\"\" data-start=\"2092\" data-end=\"2111\">6. Adatv\u00e9delem<\/h4><p class=\"\" data-start=\"2113\" data-end=\"2278\">Az adatkezel\u00e9ssel kapcsolatos inform\u00e1ci\u00f3kat k\u00fcl\u00f6n <strong data-start=\"2163\" data-end=\"2194\">Adatkezel\u00e9si T\u00e1j\u00e9koztat\u00f3ban<\/strong> tal\u00e1lod, amely <a href=\"https:\/\/apartmanbalaton.eu\/de\/adatvedelmi\/\" target=\"_new\" rel=\"noopener\" data-start=\"2210\" data-end=\"2277\">itt \u00e9rhet\u0151 el<\/a>.<\/p>\t\t\t\t\t\t\t\t<\/div>\n\t\t\t\t<\/div>\n\t\t\t\t<div class=\"elementor-element elementor-element-38b75888 elementor-widget elementor-widget-spacer\" data-id=\"38b75888\" data-element_type=\"widget\" data-e-type=\"widget\" data-widget_type=\"spacer.default\">\n\t\t\t\t<div class=\"elementor-widget-container\">\n\t\t\t\t\t\t\t<div class=\"elementor-spacer\">\n\t\t\t<div class=\"elementor-spacer-inner\"><\/div>\n\t\t<\/div>\n\t\t\t\t\t\t<\/div>\n\t\t\t\t<\/div>\n\t\t\t\t\t<\/div>\n\t\t\t\t<\/div>\n\t\t\t\t<\/div>","protected":false},"excerpt":{"rendered":"<p>Utols\u00f3 friss\u00edt\u00e9s d\u00e1tuma:\u00a02025.04.21 1. \u00c1ltal\u00e1nos inform\u00e1ci\u00f3k Az apartmanbalaton.eu weboldal \u00fczemeltet\u0151je Nagy-Benk\u0151 M\u00e1ria, amely a weboldalon el\u00e9rhet\u0151 inform\u00e1ci\u00f3k, szolg\u00e1ltat\u00e1sok \u00e9s tartalmak k\u00f6zz\u00e9t\u00e9tel\u00e9\u00e9rt felel\u0151s. A weboldal c\u00e9lja a l\u00e1togat\u00f3k t\u00e1j\u00e9koztat\u00e1sa a sz\u00e1ll\u00e1shely-szolg\u00e1ltat\u00e1sr\u00f3l, el\u00e9rhet\u0151s\u00e9gekr\u0151l, \u00e1rakr\u00f3l \u00e9s egy\u00e9b kapcsol\u00f3d\u00f3 inform\u00e1ci\u00f3kr\u00f3l. 2. Felel\u0151ss\u00e9g kiz\u00e1r\u00e1sa A weboldalon tal\u00e1lhat\u00f3 inform\u00e1ci\u00f3k t\u00e1j\u00e9koztat\u00f3 jelleg\u0171ek, \u00e9s b\u00e1r minden t\u0151l\u00fcnk telhet\u0151t megtesz\u00fcnk azok pontoss\u00e1g\u00e1nak biztos\u00edt\u00e1s\u00e1\u00e9rt, semmif\u00e9le &#8230; <a title=\"Rechtliche Erkl\u00e4rung\" class=\"read-more\" href=\"https:\/\/apartmanbalaton.eu\/de\/legal-document\/\" aria-label=\"Mehr Informationen \u00fcber Jogi Nyilatkozat\">Weiterlesen<\/a><\/p>","protected":false},"author":1,"featured_media":0,"parent":0,"menu_order":0,"comment_status":"closed","ping_status":"closed","template":"elementor_header_footer","meta":{"footnotes":""},"class_list":["post-5305","page","type-page","status-publish"],"_links":{"self":[{"href":"https:\/\/apartmanbalaton.eu\/de\/wp-json\/wp\/v2\/pages\/5305","targetHints":{"allow":["GET"]}}],"collection":[{"href":"https:\/\/apartmanbalaton.eu\/de\/wp-json\/wp\/v2\/pages"}],"about":[{"href":"https:\/\/apartmanbalaton.eu\/de\/wp-json\/wp\/v2\/types\/page"}],"author":[{"embeddable":true,"href":"https:\/\/apartmanbalaton.eu\/de\/wp-json\/wp\/v2\/users\/1"}],"replies":[{"embeddable":true,"href":"https:\/\/apartmanbalaton.eu\/de\/wp-json\/wp\/v2\/comments?post=5305"}],"version-history":[{"count":0,"href":"https:\/\/apartmanbalaton.eu\/de\/wp-json\/wp\/v2\/pages\/5305\/revisions"}],"wp:attachment":[{"href":"https:\/\/apartmanbalaton.eu\/de\/wp-json\/wp\/v2\/media?parent=5305"}],"curies":[{"name":"wp","href":"https:\/\/api.w.org\/{rel}","templated":true}]}}